{"id":1605,"date":"2026-03-20T22:54:28","date_gmt":"2026-03-20T21:54:28","guid":{"rendered":"https:\/\/eternel.maitreart.com\/?page_id=1605"},"modified":"2026-03-22T13:33:09","modified_gmt":"2026-03-22T12:33:09","slug":"servicios-valeria","status":"publish","type":"page","link":"https:\/\/valeriarodriguez.es\/?page_id=1605","title":{"rendered":"SERVICIOs"},"content":{"rendered":"\n<div class=\"wp-block-eternelblocks-spacer has-132-height@large has-96-height@medium has-86-height@small\"><\/div>\n\n\n\n<div class=\"wp-block-eternelblocks-inner position-left\"><div class=\"wp-block-eternelblocks-inner__container has-59-w@large has-100-w@medium has-100-w@small\">\n<div class=\"wp-block-eternelblocks-resp-head\"><h2 class=\"wp-block-eternelblocks-resp-head__title eternel-splittext\" style=\"margin-bottom:0\">TRANSFORMA TU CLINICA EN UNA MARCA PREMIUM<\/h2><\/div>\n<\/div><\/div>\n\n\n\n<div class=\"wp-block-eternelblocks-spacer has-56-height@large has-42-height@medium has-32-height@small\"><\/div>\n\n\n\n<div class=\"wp-block-eternelblocks-inner position-right\"><div class=\"wp-block-eternelblocks-inner__container has-50-w@large has-100-w@medium has-100-w@small\">\n<p style=\"font-size:22px;margin-bottom:0px\" class=\"eternel-splittext\">No es s\u00f3lo marketing, es construir una imagen s\u00f3lida para que tu cl\u00ednica que se vea, se sienta y conecte. Me encargo de transformar cl\u00ednicas en marcas con identidad, est\u00e9tica y estrategia. Trabajo todo el ecosistema de marca: Espacio, narrativa, contenido y experiencia, para que no s\u00f3lo atraigan pacientes, sino que generen valor y posicionamiento.<\/p>\n<\/div><\/div>\n\n\n\n<div class=\"wp-block-eternelblocks-spacer has-104-height@large has-62-height@medium has-62-height@small\"><\/div>\n\n\n\n<div class=\"wp-block-eternelblocks-scroll-anim anim-reveal-l\"><div class=\"wp-block-eternelblocks-scroll-anim__inner\"><div class=\"wp-block-eternelblocks-scroll-anim__holder\">\n<div class=\"wp-block-eternelblocks-hero-image has-h-520-px@large has-h-420-px@medium has-h-320-px@small has-anim\"><div class=\"wp-block-eternelblocks-hero-image__image image-cover parallax-top false\"><img decoding=\"async\" width=\"1280\" height=\"720\" src=\"https:\/\/valeriarodriguez.es\/wp-content\/uploads\/2026\/03\/felicidad-campana-sonrie-madrid.jpg\" alt=\"\" class=\"wp-image-2099\" srcset=\"https:\/\/valeriarodriguez.es\/wp-content\/uploads\/2026\/03\/felicidad-campana-sonrie-madrid.jpg 1280w, https:\/\/valeriarodriguez.es\/wp-content\/uploads\/2026\/03\/felicidad-campana-sonrie-madrid-300x169.jpg 300w, https:\/\/valeriarodriguez.es\/wp-content\/uploads\/2026\/03\/felicidad-campana-sonrie-madrid-1024x576.jpg 1024w, https:\/\/valeriarodriguez.es\/wp-content\/uploads\/2026\/03\/felicidad-campana-sonrie-madrid-768x432.jpg 768w, https:\/\/valeriarodriguez.es\/wp-content\/uploads\/2026\/03\/felicidad-campana-sonrie-madrid-1220x686.jpg 1220w\" sizes=\"(max-width: 1340px) calc(100vw + 1.25rem*2 + 0.625rem*2), 1280px\" \/><\/div><div class=\"wp-block-eternelblocks-hero-image__inner-wrapper position-middle-center has-50-w@large has-70-w@medium has-80-w@small\"><div class=\"wp-block-eternelblocks-hero-image__inner-container\"><div class=\"wp-block-eternelblocks-hero-image__inner\"><\/div><\/div><\/div><\/div>\n<\/div><\/div><\/div>\n\n\n\n<div class=\"wp-block-eternelblocks-spacer has-104-height@large has-62-height@medium has-62-height@small\"><\/div>\n\n\n\n<div class=\"wp-block-eternelblocks-inner position-right\"><div class=\"wp-block-eternelblocks-inner__container has-82-w@large has-100-w@medium has-100-w@small\">\n<div class=\"wp-block-columns is-layout-flex wp-container-core-columns-is-layout-9d6595d7 wp-block-columns-is-layout-flex\" style=\"margin-bottom:32px\">\n<div class=\"wp-block-column is-layout-flow wp-block-column-is-layout-flow\" style=\"flex-basis:40%\">\n<h5 class=\"wp-block-heading has-black-color has-text-color eternel-splittext\">BRANDING PARA CLINICAS Y PROFESIONALES DEL SECTOR SALUD Y BEAUTY<\/h5>\n<\/div>\n\n\n\n<div class=\"wp-block-column is-layout-flow wp-block-column-is-layout-flow\" style=\"flex-basis:60%\">\n<p class=\"has-black-color has-text-color eternel-splittext\">Construyo la base de tu marca para que deje de parecer gen\u00e9rica y empiece a posicionarse.<\/p>\n\n\n\n<p>Incluye:<\/p>\n\n\n\n<p class=\"has-black-color has-text-color eternel-splittext\">Narrativa<\/p>\n\n\n\n<p>Identidad visual<\/p>\n\n\n\n<p>Concepto de marca<\/p>\n<\/div>\n<\/div>\n\n\n\n<div class=\"wp-block-columns is-layout-flex wp-container-core-columns-is-layout-9d6595d7 wp-block-columns-is-layout-flex\" style=\"margin-bottom:32px\">\n<div class=\"wp-block-column is-layout-flow wp-block-column-is-layout-flow\" style=\"flex-basis:40%\">\n<h5 class=\"wp-block-heading has-black-color has-text-color eternel-splittext\">CONTENIDO ESTRAT\u00c9GICO<\/h5>\n<\/div>\n\n\n\n<div class=\"wp-block-column is-layout-flow wp-block-column-is-layout-flow\" style=\"flex-basis:60%\">\n<p class=\"has-black-color has-text-color eternel-splittext\">No es grabar por grabar. Es crear contenido que posiciona y convierte.<\/p>\n\n\n\n<p>Incluye:<\/p>\n\n\n\n<p class=\"has-black-color has-text-color eternel-splittext\">Imagen de marca<\/p>\n\n\n\n<p>Direcci\u00f3n creativa<\/p>\n\n\n\n<p>Gui\u00f3n y narrativa<\/p>\n\n\n\n<p>Reels \/ videos<\/p>\n<\/div>\n<\/div>\n\n\n\n<div class=\"wp-block-columns is-layout-flex wp-container-core-columns-is-layout-9d6595d7 wp-block-columns-is-layout-flex\" style=\"margin-bottom:0px\">\n<div class=\"wp-block-column is-layout-flow wp-block-column-is-layout-flow\" style=\"flex-basis:40%\">\n<h5 class=\"wp-block-heading has-black-color has-text-color eternel-splittext\">POSICIONAMIENTO<\/h5>\n<\/div>\n\n\n\n<div class=\"wp-block-column is-layout-flow wp-block-column-is-layout-flow\" style=\"flex-basis:60%\">\n<p class=\"has-black-color has-text-color eternel-splittext\" style=\"margin-bottom:0px\">Para cl\u00ednicas que quieren escalar.<\/p>\n\n\n\n<p>Incluye:<\/p>\n\n\n\n<p class=\"has-black-color has-text-color eternel-splittext\" style=\"margin-bottom:0px\">Dise\u00f1o web<\/p>\n\n\n\n<p>Plan de Marketing digital<\/p>\n\n\n\n<p>Optimizaci\u00f3n de marca<\/p>\n<\/div>\n<\/div>\n<\/div><\/div>\n\n\n\n<div class=\"wp-block-eternelblocks-spacer has-104-height@large has-62-height@medium has-62-height@small\"><\/div>\n\n\n\n<p style=\"font-size:14px;margin-bottom:2px;letter-spacing:1.4px\" class=\"eternel-splittext\">ME ENCANTARIA QUE VEAS PARTE DE <\/p>\n\n\n\n<h3 class=\"wp-block-heading eternel-splittext\" style=\"margin-bottom:36px\">MIS TRABAJOS<\/h3>\n\n\n<div class=\"wp-block-eternelblocks-portfolio has-masonry-grid grid-layout-creative has-columns-3-creative@large has-columns-2-creative@medium has-columns-1-creative@small\"><article class=\"wp-block-eternelblocks-portfolio__article has-columns-grid anim-reveal\"><div class=\"wp-block-eternelblocks-portfolio__inner\"><div class=\"wp-block-eternelblocks-portfolio__thumbnail\"><div class=\"wp-block-eternelblocks-portfolio__image\"><img decoding=\"async\" width=\"800\" height=\"1200\" src=\"https:\/\/valeriarodriguez.es\/wp-content\/uploads\/2026\/03\/opatra-madrid-fotos-videos.jpg\" class=\"attachment-post-thumbnail size-post-thumbnail wp-post-image\" alt=\"\" srcset=\"https:\/\/valeriarodriguez.es\/wp-content\/uploads\/2026\/03\/opatra-madrid-fotos-videos.jpg 800w, https:\/\/valeriarodriguez.es\/wp-content\/uploads\/2026\/03\/opatra-madrid-fotos-videos-200x300.jpg 200w, https:\/\/valeriarodriguez.es\/wp-content\/uploads\/2026\/03\/opatra-madrid-fotos-videos-683x1024.jpg 683w, https:\/\/valeriarodriguez.es\/wp-content\/uploads\/2026\/03\/opatra-madrid-fotos-videos-768x1152.jpg 768w\" sizes=\"(max-width: 860px) calc(100vw + 1.25rem*2 + 0.625rem*2), 860px\" \/><a class=\"wp-block-eternelblocks-portfolio__link\" href=\"https:\/\/valeriarodriguez.es\/?eternel-portfolio=opatra-madrid\" title=\"Opatra\"><\/a><\/div><\/div><div class=\"wp-block-eternelblocks-portfolio__header-wrapper header-animation hover-om has-light-orange-background-color\"><div class=\"wp-block-eternelblocks-portfolio__header\"><h4 class=\"wp-block-eternelblocks-portfolio__title\">Opatra<\/h4><a class=\"wp-block-eternelblocks-portfolio__link\" href=\"https:\/\/valeriarodriguez.es\/?eternel-portfolio=opatra-madrid\" title=\"Opatra\"><\/a><div class=\"wp-block-eternelblocks-portfolio__cats-wrapper\"><div class=\"wp-block-eternelblocks-portfolio__cats\"><a href=\"https:\/\/valeriarodriguez.es\/?eternel-portfolio-category=foto-video\" rel=\"tag\">Foto y Video<\/a><\/div><\/div><\/div><\/div><\/div><\/article><article class=\"wp-block-eternelblocks-portfolio__article has-columns-grid anim-reveal\"><div class=\"wp-block-eternelblocks-portfolio__inner\"><div class=\"wp-block-eternelblocks-portfolio__thumbnail\"><div class=\"wp-block-eternelblocks-portfolio__image\"><img decoding=\"async\" width=\"800\" height=\"1200\" src=\"https:\/\/valeriarodriguez.es\/wp-content\/uploads\/2026\/03\/dr-carlos-lopez-suarez-madrid-odontologia.jpg\" class=\"attachment-post-thumbnail size-post-thumbnail wp-post-image\" alt=\"\" srcset=\"https:\/\/valeriarodriguez.es\/wp-content\/uploads\/2026\/03\/dr-carlos-lopez-suarez-madrid-odontologia.jpg 800w, https:\/\/valeriarodriguez.es\/wp-content\/uploads\/2026\/03\/dr-carlos-lopez-suarez-madrid-odontologia-200x300.jpg 200w, https:\/\/valeriarodriguez.es\/wp-content\/uploads\/2026\/03\/dr-carlos-lopez-suarez-madrid-odontologia-683x1024.jpg 683w, https:\/\/valeriarodriguez.es\/wp-content\/uploads\/2026\/03\/dr-carlos-lopez-suarez-madrid-odontologia-768x1152.jpg 768w\" sizes=\"(max-width: 860px) calc(100vw + 1.25rem*2 + 0.625rem*2), 860px\" \/><a class=\"wp-block-eternelblocks-portfolio__link\" href=\"https:\/\/valeriarodriguez.es\/?eternel-portfolio=carlos-lopez-suarez\" title=\"carlos l\u00f3pez su\u00e1rez\"><\/a><\/div><\/div><div class=\"wp-block-eternelblocks-portfolio__header-wrapper header-animation hover-om has-light-orange-background-color\"><div class=\"wp-block-eternelblocks-portfolio__header\"><h4 class=\"wp-block-eternelblocks-portfolio__title\">carlos l\u00f3pez su\u00e1rez<\/h4><a class=\"wp-block-eternelblocks-portfolio__link\" href=\"https:\/\/valeriarodriguez.es\/?eternel-portfolio=carlos-lopez-suarez\" title=\"carlos l\u00f3pez su\u00e1rez\"><\/a><div class=\"wp-block-eternelblocks-portfolio__cats-wrapper\"><div class=\"wp-block-eternelblocks-portfolio__cats\"><a href=\"https:\/\/valeriarodriguez.es\/?eternel-portfolio-category=foto-video\" rel=\"tag\">Foto y Video<\/a><a href=\"https:\/\/valeriarodriguez.es\/?eternel-portfolio-category=marca-personal\" rel=\"tag\">Marca Personal<\/a><a href=\"https:\/\/valeriarodriguez.es\/?eternel-portfolio-category=redes-sociales\" rel=\"tag\">Redes Sociales<\/a><\/div><\/div><\/div><\/div><\/div><\/article><article class=\"wp-block-eternelblocks-portfolio__article has-columns-grid anim-reveal\"><div class=\"wp-block-eternelblocks-portfolio__inner\"><div class=\"wp-block-eternelblocks-portfolio__thumbnail\"><div class=\"wp-block-eternelblocks-portfolio__image\"><img decoding=\"async\" width=\"800\" height=\"1200\" src=\"https:\/\/valeriarodriguez.es\/wp-content\/uploads\/2026\/03\/branding-sonrie-madrid.jpg\" class=\"attachment-post-thumbnail size-post-thumbnail wp-post-image\" alt=\"\" srcset=\"https:\/\/valeriarodriguez.es\/wp-content\/uploads\/2026\/03\/branding-sonrie-madrid.jpg 800w, https:\/\/valeriarodriguez.es\/wp-content\/uploads\/2026\/03\/branding-sonrie-madrid-200x300.jpg 200w, https:\/\/valeriarodriguez.es\/wp-content\/uploads\/2026\/03\/branding-sonrie-madrid-683x1024.jpg 683w, https:\/\/valeriarodriguez.es\/wp-content\/uploads\/2026\/03\/branding-sonrie-madrid-768x1152.jpg 768w\" sizes=\"(max-width: 860px) calc(100vw + 1.25rem*2 + 0.625rem*2), 860px\" \/><a class=\"wp-block-eternelblocks-portfolio__link\" href=\"https:\/\/valeriarodriguez.es\/?eternel-portfolio=sonrie-madrid\" title=\"Sonrie Madrid\"><\/a><\/div><\/div><div class=\"wp-block-eternelblocks-portfolio__header-wrapper header-animation hover-om has-light-orange-background-color\"><div class=\"wp-block-eternelblocks-portfolio__header\"><h4 class=\"wp-block-eternelblocks-portfolio__title\">Sonrie Madrid<\/h4><a class=\"wp-block-eternelblocks-portfolio__link\" href=\"https:\/\/valeriarodriguez.es\/?eternel-portfolio=sonrie-madrid\" title=\"Sonrie Madrid\"><\/a><div class=\"wp-block-eternelblocks-portfolio__cats-wrapper\"><div class=\"wp-block-eternelblocks-portfolio__cats\"><a href=\"https:\/\/valeriarodriguez.es\/?eternel-portfolio-category=branding\" rel=\"tag\">Branding<\/a><a href=\"https:\/\/valeriarodriguez.es\/?eternel-portfolio-category=concepto\" rel=\"tag\">Concepto<\/a><a href=\"https:\/\/valeriarodriguez.es\/?eternel-portfolio-category=diseno\" rel=\"tag\">Dise\u00f1o<\/a><a href=\"https:\/\/valeriarodriguez.es\/?eternel-portfolio-category=diseno-web\" rel=\"tag\">Dise\u00f1o Web<\/a><a href=\"https:\/\/valeriarodriguez.es\/?eternel-portfolio-category=foto-video\" rel=\"tag\">Foto y Video<\/a><\/div><\/div><\/div><\/div><\/div><\/article><article class=\"wp-block-eternelblocks-portfolio__article has-columns-grid anim-reveal\"><div class=\"wp-block-eternelblocks-portfolio__inner\"><div class=\"wp-block-eternelblocks-portfolio__thumbnail\"><div class=\"wp-block-eternelblocks-portfolio__image\"><img decoding=\"async\" width=\"800\" height=\"1200\" src=\"https:\/\/valeriarodriguez.es\/wp-content\/uploads\/2026\/03\/FREEDENTALLABPROYECT.jpg\" class=\"attachment-post-thumbnail size-post-thumbnail wp-post-image\" alt=\"\" srcset=\"https:\/\/valeriarodriguez.es\/wp-content\/uploads\/2026\/03\/FREEDENTALLABPROYECT.jpg 800w, https:\/\/valeriarodriguez.es\/wp-content\/uploads\/2026\/03\/FREEDENTALLABPROYECT-200x300.jpg 200w, https:\/\/valeriarodriguez.es\/wp-content\/uploads\/2026\/03\/FREEDENTALLABPROYECT-683x1024.jpg 683w, https:\/\/valeriarodriguez.es\/wp-content\/uploads\/2026\/03\/FREEDENTALLABPROYECT-768x1152.jpg 768w\" sizes=\"(max-width: 860px) calc(100vw + 1.25rem*2 + 0.625rem*2), 860px\" \/><a class=\"wp-block-eternelblocks-portfolio__link\" href=\"https:\/\/valeriarodriguez.es\/?eternel-portfolio=free-dental-lab\" title=\"Free Dental Lab\"><\/a><\/div><\/div><div class=\"wp-block-eternelblocks-portfolio__header-wrapper header-animation hover-om has-light-orange-background-color\"><div class=\"wp-block-eternelblocks-portfolio__header\"><h4 class=\"wp-block-eternelblocks-portfolio__title\">Free Dental Lab<\/h4><a class=\"wp-block-eternelblocks-portfolio__link\" href=\"https:\/\/valeriarodriguez.es\/?eternel-portfolio=free-dental-lab\" title=\"Free Dental Lab\"><\/a><div class=\"wp-block-eternelblocks-portfolio__cats-wrapper\"><div class=\"wp-block-eternelblocks-portfolio__cats\"><a href=\"https:\/\/valeriarodriguez.es\/?eternel-portfolio-category=branding\" rel=\"tag\">Branding<\/a><a href=\"https:\/\/valeriarodriguez.es\/?eternel-portfolio-category=concepto\" rel=\"tag\">Concepto<\/a><a href=\"https:\/\/valeriarodriguez.es\/?eternel-portfolio-category=diseno\" rel=\"tag\">Dise\u00f1o<\/a><a href=\"https:\/\/valeriarodriguez.es\/?eternel-portfolio-category=diseno-web\" rel=\"tag\">Dise\u00f1o Web<\/a><\/div><\/div><\/div><\/div><\/div><\/article><article class=\"wp-block-eternelblocks-portfolio__article has-columns-grid anim-reveal\"><div class=\"wp-block-eternelblocks-portfolio__inner\"><div class=\"wp-block-eternelblocks-portfolio__thumbnail\"><div class=\"wp-block-eternelblocks-portfolio__image\"><img decoding=\"async\" width=\"800\" height=\"587\" src=\"https:\/\/valeriarodriguez.es\/wp-content\/uploads\/2026\/03\/clinica-suarez-lopez-concept.jpg\" class=\"attachment-post-thumbnail size-post-thumbnail wp-post-image\" alt=\"\" srcset=\"https:\/\/valeriarodriguez.es\/wp-content\/uploads\/2026\/03\/clinica-suarez-lopez-concept.jpg 800w, https:\/\/valeriarodriguez.es\/wp-content\/uploads\/2026\/03\/clinica-suarez-lopez-concept-300x220.jpg 300w, https:\/\/valeriarodriguez.es\/wp-content\/uploads\/2026\/03\/clinica-suarez-lopez-concept-768x564.jpg 768w\" sizes=\"(max-width: 860px) calc(100vw + 1.25rem*2 + 0.625rem*2), 860px\" \/><a class=\"wp-block-eternelblocks-portfolio__link\" href=\"https:\/\/valeriarodriguez.es\/?eternel-portfolio=love-letters\" title=\"branding clinica\"><\/a><\/div><\/div><div class=\"wp-block-eternelblocks-portfolio__header-wrapper header-animation hover-om has-light-orange-background-color\"><div class=\"wp-block-eternelblocks-portfolio__header\"><h4 class=\"wp-block-eternelblocks-portfolio__title\">branding clinica<\/h4><a class=\"wp-block-eternelblocks-portfolio__link\" href=\"https:\/\/valeriarodriguez.es\/?eternel-portfolio=love-letters\" title=\"branding clinica\"><\/a><div class=\"wp-block-eternelblocks-portfolio__cats-wrapper\"><div class=\"wp-block-eternelblocks-portfolio__cats\"><a href=\"https:\/\/valeriarodriguez.es\/?eternel-portfolio-category=branding\" rel=\"tag\">Branding<\/a><a href=\"https:\/\/valeriarodriguez.es\/?eternel-portfolio-category=diseno\" rel=\"tag\">Dise\u00f1o<\/a><a href=\"https:\/\/valeriarodriguez.es\/?eternel-portfolio-category=diseno-web\" rel=\"tag\">Dise\u00f1o Web<\/a><\/div><\/div><\/div><\/div><\/div><\/article><article class=\"wp-block-eternelblocks-portfolio__article has-columns-grid anim-reveal\"><div class=\"wp-block-eternelblocks-portfolio__inner\"><div class=\"wp-block-eternelblocks-portfolio__thumbnail\"><div class=\"wp-block-eternelblocks-portfolio__image\"><img decoding=\"async\" width=\"1367\" height=\"2048\" src=\"https:\/\/valeriarodriguez.es\/wp-content\/uploads\/2026\/02\/SESION9-1.jpeg\" class=\"attachment-post-thumbnail size-post-thumbnail wp-post-image\" alt=\"\" srcset=\"https:\/\/valeriarodriguez.es\/wp-content\/uploads\/2026\/02\/SESION9-1.jpeg 1367w, https:\/\/valeriarodriguez.es\/wp-content\/uploads\/2026\/02\/SESION9-1-200x300.jpeg 200w, https:\/\/valeriarodriguez.es\/wp-content\/uploads\/2026\/02\/SESION9-1-684x1024.jpeg 684w, https:\/\/valeriarodriguez.es\/wp-content\/uploads\/2026\/02\/SESION9-1-768x1151.jpeg 768w, https:\/\/valeriarodriguez.es\/wp-content\/uploads\/2026\/02\/SESION9-1-1025x1536.jpeg 1025w, https:\/\/valeriarodriguez.es\/wp-content\/uploads\/2026\/02\/SESION9-1-1220x1828.jpeg 1220w\" sizes=\"(max-width: 1427px) calc(100vw + 1.25rem*2 + 0.625rem*2), 1367px\" \/><a class=\"wp-block-eternelblocks-portfolio__link\" href=\"https:\/\/valeriarodriguez.es\/?eternel-portfolio=sesion-de-fotos-video\" title=\"Campa\u00f1a Beauty\"><\/a><\/div><\/div><div class=\"wp-block-eternelblocks-portfolio__header-wrapper header-animation hover-om has-light-orange-background-color\"><div class=\"wp-block-eternelblocks-portfolio__header\"><h4 class=\"wp-block-eternelblocks-portfolio__title\">Campa\u00f1a Beauty<\/h4><a class=\"wp-block-eternelblocks-portfolio__link\" href=\"https:\/\/valeriarodriguez.es\/?eternel-portfolio=sesion-de-fotos-video\" title=\"Campa\u00f1a Beauty\"><\/a><div class=\"wp-block-eternelblocks-portfolio__cats-wrapper\"><div class=\"wp-block-eternelblocks-portfolio__cats\"><a href=\"https:\/\/valeriarodriguez.es\/?eternel-portfolio-category=foto-video\" rel=\"tag\">Foto y Video<\/a><\/div><\/div><\/div><\/div><\/div><\/article><\/div>\n\n\n<div class=\"wp-block-eternelblocks-clients\"><div class=\"wp-block-eternelblocks-clients__container has-4-columns@large has-2-columns@medium has-2-columns@small anim-reveal\" style=\"border-color:transparent\"><\/div><\/div>\n","protected":false},"excerpt":{"rendered":"<p>ME ENCANTARIA QUE VEAS PARTE DE MIS TRABAJOS<\/p>\n","protected":false},"author":1,"featured_media":0,"parent":0,"menu_order":0,"comment_status":"closed","ping_status":"closed","template":"","meta":{"_eternelmeta_header_display":true,"_eternelmeta_header_style":"style-one","_eternelmeta_header_border":true,"_eternelmeta_header_main_nav":true,"_eternelmeta_header_main_nav_pos":"center","_eternelmeta_header_main_nav_light":false,"_eternelmeta_header_sec_nav":true,"_eternelmeta_header_sec_nav_light":false,"_eternelmeta_header_sec_logo":false,"_eternelmeta_header_bg":"light","_eternelmeta_header_cursor_color":false,"_eternelmeta_header_sticky":true,"_eternelmeta_header_search_icon_display":false,"_eternelmeta_header_search_icon_light":false,"_eternelmeta_header_woo_cart_display":false,"_eternelmeta_header_woo_icon_light":false,"_eternelmeta_header_sticky_style":"style-one","_eternelmeta_header_sticky_border":false,"_eternelmeta_header_sticky_main_nav":true,"_eternelmeta_header_sticky_main_nav_pos":"center","_eternelmeta_header_sticky_main_nav_light":true,"_eternelmeta_header_sticky_sec_nav":true,"_eternelmeta_header_sticky_sec_nav_light":true,"_eternelmeta_header_sticky_sec_logo":true,"_eternelmeta_header_sticky_bg":"dark","_eternelmeta_header_sticky_cursor_color":true,"_eternelmeta_header_sticky_search_icon_display":false,"_eternelmeta_header_sticky_search_icon_light":false,"_eternelmeta_header_sticky_woo_cart_display":false,"_eternelmeta_header_sticky_woo_icon_light":false,"_eternelmeta_footer_widget":true,"_eternelmeta_footer_dark_mode":true,"_eternelmeta_footer_cursor_color":true,"_eternelmeta_footer_info":true,"_eternelmeta_footer_border":false,"_eternelmeta_footer_fixed":true,"_eternelmeta_main_cont_padding_top":90,"_eternelmeta_main_cont_padding_bot":0,"_eternelmeta_cursor_circle_light":false,"_eternelmeta_post_title_visibility":false,"_eternelmeta_post_title_alignment":"ta-l","_eternelmeta_post_layout":"","_eternelmeta_post_static_id":0,"_eternelmeta_post_loader":false,"_eternelmeta_post_title_color":"#1f1f1f","_eternelmeta_post_bg_color":"#f2f2f2","footnotes":""},"class_list":["post-1605","page","type-page","status-publish","hentry"],"_links":{"self":[{"href":"https:\/\/valeriarodriguez.es\/index.php?rest_route=\/wp\/v2\/pages\/1605","targetHints":{"allow":["GET"]}}],"collection":[{"href":"https:\/\/valeriarodriguez.es\/index.php?rest_route=\/wp\/v2\/pages"}],"about":[{"href":"https:\/\/valeriarodriguez.es\/index.php?rest_route=\/wp\/v2\/types\/page"}],"author":[{"embeddable":true,"href":"https:\/\/valeriarodriguez.es\/index.php?rest_route=\/wp\/v2\/users\/1"}],"replies":[{"embeddable":true,"href":"https:\/\/valeriarodriguez.es\/index.php?rest_route=%2Fwp%2Fv2%2Fcomments&post=1605"}],"version-history":[{"count":11,"href":"https:\/\/valeriarodriguez.es\/index.php?rest_route=\/wp\/v2\/pages\/1605\/revisions"}],"predecessor-version":[{"id":2180,"href":"https:\/\/valeriarodriguez.es\/index.php?rest_route=\/wp\/v2\/pages\/1605\/revisions\/2180"}],"wp:attachment":[{"href":"https:\/\/valeriarodriguez.es\/index.php?rest_route=%2Fwp%2Fv2%2Fmedia&parent=1605"}],"curies":[{"name":"wp","href":"https:\/\/api.w.org\/{rel}","templated":true}]}}