{"id":1481,"date":"2026-03-20T20:07:48","date_gmt":"2026-03-20T19:07:48","guid":{"rendered":"https:\/\/eternel.maitreart.com\/?page_id=1481"},"modified":"2026-03-23T22:05:16","modified_gmt":"2026-03-23T21:05:16","slug":"sobre-mi-valeria","status":"publish","type":"page","link":"https:\/\/valeriarodriguez.es\/?page_id=1481","title":{"rendered":"SOBRE M\u00cd"},"content":{"rendered":"\n<div class=\"wp-block-eternelblocks-spacer has-164-height@large has-104-height@medium has-104-height@small\"><\/div>\n\n\n\n<div class=\"wp-block-eternelblocks-resp-head\"><h2 class=\"wp-block-eternelblocks-resp-head__title has-white-color has-120-fz@large has-64-fz@medium has-56-fz@small eternel-splittext\">Hola, soy Vale!<br><\/h2><\/div>\n\n\n\n<div style=\"height:100px\" aria-hidden=\"true\" class=\"wp-block-spacer\"><\/div>\n\n\n\n<div class=\"wp-block-columns is-layout-flex wp-container-core-columns-is-layout-9d6595d7 wp-block-columns-is-layout-flex\">\n<div class=\"wp-block-column is-layout-flow wp-block-column-is-layout-flow\"><\/div>\n<\/div>\n\n\n\n<figure class=\"wp-block-image size-large\"><img decoding=\"async\" width=\"1024\" height=\"499\" src=\"https:\/\/valeriarodriguez.es\/wp-content\/uploads\/2026\/03\/valeria-rodriguez-frascione-madrid--1024x499.jpg\" alt=\"\" class=\"wp-image-2012\" srcset=\"https:\/\/valeriarodriguez.es\/wp-content\/uploads\/2026\/03\/valeria-rodriguez-frascione-madrid--1024x499.jpg 1024w, https:\/\/valeriarodriguez.es\/wp-content\/uploads\/2026\/03\/valeria-rodriguez-frascione-madrid--300x146.jpg 300w, https:\/\/valeriarodriguez.es\/wp-content\/uploads\/2026\/03\/valeria-rodriguez-frascione-madrid--768x374.jpg 768w, https:\/\/valeriarodriguez.es\/wp-content\/uploads\/2026\/03\/valeria-rodriguez-frascione-madrid--1536x748.jpg 1536w, https:\/\/valeriarodriguez.es\/wp-content\/uploads\/2026\/03\/valeria-rodriguez-frascione-madrid--1220x594.jpg 1220w, https:\/\/valeriarodriguez.es\/wp-content\/uploads\/2026\/03\/valeria-rodriguez-frascione-madrid-.jpg 1800w\" sizes=\"(max-width: 1084px) calc(100vw + 1.25rem*2 + 0.625rem*2), 1084px\" \/><\/figure>\n\n\n\n<div class=\"wp-block-eternelblocks-spacer has-154-height@large has-104-height@medium has-104-height@small\"><\/div>\n\n\n\n<div class=\"wp-block-eternelblocks-inner position-right\"><div class=\"wp-block-eternelblocks-inner__container has-51-w@large has-100-w@medium has-100-w@small\">\n<div style=\"text-align:right\" class=\"wp-block-eternelblocks-resp-head\"><h3 class=\"wp-block-eternelblocks-resp-head__title has-white-color eternel-splittext\" style=\"margin-bottom:0\">MI OBJETIVO ES QUE TU CL\u00cdNICA PROYECTE<br>UN UNIVERSO VISUAL POTENTE CON UNA EST\u00c9TICA Y NARRATIVA A LA ALTURA DE UNA MARCA PREMIUM.<br><\/h3><\/div>\n<\/div><\/div>\n\n\n\n<div class=\"wp-block-eternelblocks-spacer has-164-height@large has-112-height@medium has-112-height@small\"><\/div>\n\n\n\n<div class=\"wp-block-eternelblocks-spacer has-164-height@large has-112-height@medium has-112-height@small\"><\/div>\n\n\n\n<div class=\"wp-block-eternelblocks-inner position-left\"><div class=\"wp-block-eternelblocks-inner__container has-51-w@large has-100-w@medium has-100-w@small\">\n<div class=\"wp-block-eternelblocks-resp-head\"><h3 class=\"wp-block-eternelblocks-resp-head__title has-white-color eternel-splittext\" style=\"margin-bottom:14px\">MI PERSPECTIVA <br>SOBRE EL SECTOR:<br><\/h3><\/div>\n\n\n\n<p class=\"has-white-color has-text-color eternel-splittext\" style=\"font-size:24px;margin-bottom:0px\">Soy fiel creyente de la est\u00e9tica, de lo bello y de lo que est\u00e1 bien pensado. Adem\u00e1s, entiendo el arte como un lenguaje y la marca como una extensi\u00f3n de ese arte. Durante m\u00e1s de 6 a\u00f1os he trabajado en el sector salud \u2014desde oncolog\u00eda hasta cl\u00ednicas dentales y medicina est\u00e9tica\u2014 y, gracias a ello, he entendido algo clave: las decisiones no son solo racionales, sino profundamente emocionales. Por un lado, he visto c\u00f3mo un paciente conf\u00eda no solo en un tratamiento, sino tambi\u00e9n en una persona. Por otro, esa confianza nace de peque\u00f1os detalles: Una mirada, un espacio, una sensaci\u00f3n. <\/p>\n\n\n\n<p><\/p>\n\n\n\n<p class=\"has-white-color has-text-color eternel-splittext\" style=\"font-size:24px;margin-bottom:0px\">En este contexto, hacer de tu cl\u00ednica una marca juega un papel decisivo. Los pacientes no te eligen \u00fanicamente por experiencia o formaci\u00f3n; de hecho, te eligen por percepci\u00f3n: Por lo que transmite tu cl\u00ednica o marca personal, por c\u00f3mo se siente y por lo que muestras antes de que te conozcan. <\/p>\n\n\n\n<p>Por eso, mi trabajo consiste en dise\u00f1ar marcas que no solo sean bonitas, sino tambi\u00e9n coherentes, memorables y humanas.<\/p>\n\n\n\n<p>Asimismo, una cl\u00ednica no es solo un espacio m\u00e9dico. Es una experiencia completa que influye directamente en la decisi\u00f3n del paciente.<\/p>\n\n\n\n<p>Porque una marca bonita sin estrategia no crece. En cambio, una estrategia sin marca no conectY precisamente ah\u00ed es donde se marca la diferencia.<\/p>\n<\/div><\/div>\n\n\n\n<div class=\"wp-block-eternelblocks-inner position-left\"><div class=\"wp-block-eternelblocks-inner__container has-40-w@large has-60-w@medium has-100-w@small\">\n<div class=\"wp-block-eternelblocks-scroll-anim anim-reveal-l\"><div class=\"wp-block-eternelblocks-scroll-anim__inner\"><div class=\"wp-block-eternelblocks-scroll-anim__holder\">\n<div class=\"wp-block-eternelblocks-hero-image has-h-600-px@large has-h-520-px@medium has-h-480-px@small\"><div class=\"wp-block-eternelblocks-hero-image__image image-cover parallax-top false\"><img decoding=\"async\" width=\"1080\" height=\"1350\" src=\"https:\/\/valeriarodriguez.es\/wp-content\/uploads\/2026\/03\/valeria-rodriguez-frascione-slider-site-1.jpg\" alt=\"\" class=\"wp-image-2026\" srcset=\"https:\/\/valeriarodriguez.es\/wp-content\/uploads\/2026\/03\/valeria-rodriguez-frascione-slider-site-1.jpg 1080w, https:\/\/valeriarodriguez.es\/wp-content\/uploads\/2026\/03\/valeria-rodriguez-frascione-slider-site-1-240x300.jpg 240w, https:\/\/valeriarodriguez.es\/wp-content\/uploads\/2026\/03\/valeria-rodriguez-frascione-slider-site-1-819x1024.jpg 819w, https:\/\/valeriarodriguez.es\/wp-content\/uploads\/2026\/03\/valeria-rodriguez-frascione-slider-site-1-768x960.jpg 768w\" sizes=\"(max-width: 1140px) calc(100vw + 1.25rem*2 + 0.625rem*2), 1140px\" \/><\/div><div class=\"wp-block-eternelblocks-hero-image__inner-wrapper position-middle-center has-50-w@large has-70-w@medium has-80-w@small\"><div class=\"wp-block-eternelblocks-hero-image__inner-container\"><div class=\"wp-block-eternelblocks-hero-image__inner\"><\/div><\/div><\/div><\/div>\n<\/div><\/div><\/div>\n<\/div><\/div>\n\n\n\n<div class=\"wp-block-eternelblocks-spacer has-142-height@large has-112-height@medium has-112-height@small\"><\/div>\n\n\n\n<div style=\"height:32px\" aria-hidden=\"true\" class=\"wp-block-spacer\"><\/div>\n\n\n\n<div class=\"wp-block-columns is-layout-flex wp-container-core-columns-is-layout-9d6595d7 wp-block-columns-is-layout-flex\">\n<div class=\"wp-block-column is-layout-flow wp-block-column-is-layout-flow\" style=\"flex-basis:40%\">\n<h4 class=\"wp-block-heading has-white-color has-text-color eternel-splittext\">DE CLINICA A MARCA<\/h4>\n<\/div>\n\n\n\n<div class=\"wp-block-column is-layout-flow wp-block-column-is-layout-flow\" style=\"flex-basis:60%\">\n<p class=\"has-white-color has-text-color has-medium-font-size eternel-splittext\">Mi trabajo consiste en dise\u00f1ar la imagen de cl\u00ednicas que no s\u00f3lo sean bonitas, sino tambi\u00e9n coherentes, memorables y humanas porque una cl\u00ednica no es solo un espacio m\u00e9dico. Es una experiencia completa que influye directamente en la decisi\u00f3n del paciente.<\/p>\n<\/div>\n<\/div>\n\n\n\n<div style=\"height:52px\" aria-hidden=\"true\" class=\"wp-block-spacer\"><\/div>\n\n\n\n<div class=\"wp-block-columns is-layout-flex wp-container-core-columns-is-layout-9d6595d7 wp-block-columns-is-layout-flex\">\n<div class=\"wp-block-column is-layout-flow wp-block-column-is-layout-flow\" style=\"flex-basis:40%\">\n<h4 class=\"wp-block-heading has-white-color has-text-color eternel-splittext\">VISI\u00d3N DE MARCA<\/h4>\n<\/div>\n\n\n\n<div class=\"wp-block-column is-layout-flow wp-block-column-is-layout-flow\" style=\"flex-basis:60%\">\n<p class=\"has-white-color has-text-color has-medium-font-size eternel-splittext\">Me encargo de definir el significado detr\u00e1s de tu proyecto para que todo comunique con intenci\u00f3n, coherencia y una identidad que trascienda.<\/p>\n<\/div>\n<\/div>\n\n\n\n<div style=\"height:52px\" aria-hidden=\"true\" class=\"wp-block-spacer\"><\/div>\n\n\n\n<div class=\"wp-block-columns is-layout-flex wp-container-core-columns-is-layout-9d6595d7 wp-block-columns-is-layout-flex\">\n<div class=\"wp-block-column is-layout-flow wp-block-column-is-layout-flow\" style=\"flex-basis:40%\">\n<h4 class=\"wp-block-heading has-white-color has-text-color eternel-splittext\">UNIVERSO DE MARCA<\/h4>\n<\/div>\n\n\n\n<div class=\"wp-block-column is-layout-flow wp-block-column-is-layout-flow\" style=\"flex-basis:60%\">\n<p class=\"has-white-color has-text-color has-medium-font-size eternel-splittext\">Construyo un mundo propio donde cada detalle conecta emocionalmente, generando una experiencia que se siente, se recuerda y se diferencia.<\/p>\n<\/div>\n<\/div>\n\n\n\n<div class=\"wp-block-eternelblocks-spacer has-164-height@large has-112-height@medium has-112-height@small\"><\/div>\n\n\n\n<div class=\"wp-block-eternelblocks-inner position-left\"><div class=\"wp-block-eternelblocks-inner__container has-56-w@large has-100-w@medium has-100-w@small\">\n<div style=\"text-align:left\" class=\"wp-block-eternelblocks-resp-head\"><h3 class=\"wp-block-eternelblocks-resp-head__title has-white-color eternel-splittext\" style=\"margin-bottom:0\">Si sientes que tu cl\u00ednica podr\u00eda estar en otro nivel\u2026Probablemente tengas raz\u00f3n. Y no necesitas empezar de cero. Solo necesitas empezar bien.<\/h3><\/div>\n\n\n\n<div style=\"height:92px\" aria-hidden=\"true\" class=\"wp-block-spacer\"><\/div>\n\n\n\n<div class=\"wp-block-eternelblocks-scroll-anim anim-fade-up\"><div class=\"wp-block-eternelblocks-scroll-anim__inner\"><div class=\"wp-block-eternelblocks-scroll-anim__holder\">\n<div class=\"wp-block-eternelblocks-link st-ul has-mb-8\"><a href=\"mailto:veronavisual@gmail.com\" class=\"wp-block-eternelblocks-link__wrapper has-white-color has-48-fz\"><span class=\"wp-block-eternelblocks-link__text\">Trabajemos juntos<\/span><\/a><\/div>\n<\/div><\/div><\/div>\n<\/div><\/div>\n\n\n\n<div class=\"wp-block-eternelblocks-spacer has-132-height@large has-112-height@medium has-102-height@small\"><\/div>\n\n\n\n<div class=\"wp-block-columns is-layout-flex wp-container-core-columns-is-layout-9d6595d7 wp-block-columns-is-layout-flex\">\n<div class=\"wp-block-column is-layout-flow wp-block-column-is-layout-flow\"><\/div>\n<\/div>\n\n\n<div class=\"wp-block-eternelblocks-portfolio has-masonry-grid grid-layout-creative-ns has-columns-3-creative-ns@large has-columns-2-creative-ns@medium has-columns-1-creative-ns@small\"><article class=\"wp-block-eternelblocks-portfolio__article has-columns-grid\"><div class=\"wp-block-eternelblocks-portfolio__inner\"><div class=\"wp-block-eternelblocks-portfolio__thumbnail\"><div class=\"wp-block-eternelblocks-portfolio__image\"><img decoding=\"async\" width=\"800\" height=\"1200\" src=\"https:\/\/valeriarodriguez.es\/wp-content\/uploads\/2026\/03\/opatra-madrid-fotos-videos.jpg\" class=\"attachment-post-thumbnail size-post-thumbnail wp-post-image\" alt=\"\" srcset=\"https:\/\/valeriarodriguez.es\/wp-content\/uploads\/2026\/03\/opatra-madrid-fotos-videos.jpg 800w, https:\/\/valeriarodriguez.es\/wp-content\/uploads\/2026\/03\/opatra-madrid-fotos-videos-200x300.jpg 200w, https:\/\/valeriarodriguez.es\/wp-content\/uploads\/2026\/03\/opatra-madrid-fotos-videos-683x1024.jpg 683w, https:\/\/valeriarodriguez.es\/wp-content\/uploads\/2026\/03\/opatra-madrid-fotos-videos-768x1152.jpg 768w\" sizes=\"(max-width: 860px) calc(100vw + 1.25rem*2 + 0.625rem*2), 860px\" \/><a class=\"wp-block-eternelblocks-portfolio__link\" href=\"https:\/\/valeriarodriguez.es\/?eternel-portfolio=opatra-madrid\" title=\"Opatra\"><\/a><\/div><\/div><div class=\"wp-block-eternelblocks-portfolio__header-wrapper header-animation hover-om\"><div class=\"wp-block-eternelblocks-portfolio__header\"><h4 class=\"wp-block-eternelblocks-portfolio__title\">Opatra<\/h4><a class=\"wp-block-eternelblocks-portfolio__link\" href=\"https:\/\/valeriarodriguez.es\/?eternel-portfolio=opatra-madrid\" title=\"Opatra\"><\/a><div class=\"wp-block-eternelblocks-portfolio__cats-wrapper\"><div class=\"wp-block-eternelblocks-portfolio__cats\"><a href=\"https:\/\/valeriarodriguez.es\/?eternel-portfolio-category=foto-video\" rel=\"tag\">Foto y Video<\/a><\/div><\/div><\/div><\/div><\/div><\/article><article class=\"wp-block-eternelblocks-portfolio__article has-columns-grid\"><div class=\"wp-block-eternelblocks-portfolio__inner\"><div class=\"wp-block-eternelblocks-portfolio__thumbnail\"><div class=\"wp-block-eternelblocks-portfolio__image\"><img decoding=\"async\" width=\"800\" height=\"1200\" src=\"https:\/\/valeriarodriguez.es\/wp-content\/uploads\/2026\/03\/dr-carlos-lopez-suarez-madrid-odontologia.jpg\" class=\"attachment-post-thumbnail size-post-thumbnail wp-post-image\" alt=\"\" srcset=\"https:\/\/valeriarodriguez.es\/wp-content\/uploads\/2026\/03\/dr-carlos-lopez-suarez-madrid-odontologia.jpg 800w, https:\/\/valeriarodriguez.es\/wp-content\/uploads\/2026\/03\/dr-carlos-lopez-suarez-madrid-odontologia-200x300.jpg 200w, https:\/\/valeriarodriguez.es\/wp-content\/uploads\/2026\/03\/dr-carlos-lopez-suarez-madrid-odontologia-683x1024.jpg 683w, https:\/\/valeriarodriguez.es\/wp-content\/uploads\/2026\/03\/dr-carlos-lopez-suarez-madrid-odontologia-768x1152.jpg 768w\" sizes=\"(max-width: 860px) calc(100vw + 1.25rem*2 + 0.625rem*2), 860px\" \/><a class=\"wp-block-eternelblocks-portfolio__link\" href=\"https:\/\/valeriarodriguez.es\/?eternel-portfolio=carlos-lopez-suarez\" title=\"carlos l\u00f3pez su\u00e1rez\"><\/a><\/div><\/div><div class=\"wp-block-eternelblocks-portfolio__header-wrapper header-animation hover-om\"><div class=\"wp-block-eternelblocks-portfolio__header\"><h4 class=\"wp-block-eternelblocks-portfolio__title\">carlos l\u00f3pez su\u00e1rez<\/h4><a class=\"wp-block-eternelblocks-portfolio__link\" href=\"https:\/\/valeriarodriguez.es\/?eternel-portfolio=carlos-lopez-suarez\" title=\"carlos l\u00f3pez su\u00e1rez\"><\/a><div class=\"wp-block-eternelblocks-portfolio__cats-wrapper\"><div class=\"wp-block-eternelblocks-portfolio__cats\"><a href=\"https:\/\/valeriarodriguez.es\/?eternel-portfolio-category=foto-video\" rel=\"tag\">Foto y Video<\/a><a href=\"https:\/\/valeriarodriguez.es\/?eternel-portfolio-category=marca-personal\" rel=\"tag\">Marca Personal<\/a><a href=\"https:\/\/valeriarodriguez.es\/?eternel-portfolio-category=redes-sociales\" rel=\"tag\">Redes Sociales<\/a><\/div><\/div><\/div><\/div><\/div><\/article><article class=\"wp-block-eternelblocks-portfolio__article has-columns-grid\"><div class=\"wp-block-eternelblocks-portfolio__inner\"><div class=\"wp-block-eternelblocks-portfolio__thumbnail\"><div class=\"wp-block-eternelblocks-portfolio__image\"><img decoding=\"async\" width=\"800\" height=\"1200\" src=\"https:\/\/valeriarodriguez.es\/wp-content\/uploads\/2026\/03\/branding-sonrie-madrid.jpg\" class=\"attachment-post-thumbnail size-post-thumbnail wp-post-image\" alt=\"\" srcset=\"https:\/\/valeriarodriguez.es\/wp-content\/uploads\/2026\/03\/branding-sonrie-madrid.jpg 800w, https:\/\/valeriarodriguez.es\/wp-content\/uploads\/2026\/03\/branding-sonrie-madrid-200x300.jpg 200w, https:\/\/valeriarodriguez.es\/wp-content\/uploads\/2026\/03\/branding-sonrie-madrid-683x1024.jpg 683w, https:\/\/valeriarodriguez.es\/wp-content\/uploads\/2026\/03\/branding-sonrie-madrid-768x1152.jpg 768w\" sizes=\"(max-width: 860px) calc(100vw + 1.25rem*2 + 0.625rem*2), 860px\" \/><a class=\"wp-block-eternelblocks-portfolio__link\" href=\"https:\/\/valeriarodriguez.es\/?eternel-portfolio=sonrie-madrid\" title=\"Sonrie Madrid\"><\/a><\/div><\/div><div class=\"wp-block-eternelblocks-portfolio__header-wrapper header-animation hover-om\"><div class=\"wp-block-eternelblocks-portfolio__header\"><h4 class=\"wp-block-eternelblocks-portfolio__title\">Sonrie Madrid<\/h4><a class=\"wp-block-eternelblocks-portfolio__link\" href=\"https:\/\/valeriarodriguez.es\/?eternel-portfolio=sonrie-madrid\" title=\"Sonrie Madrid\"><\/a><div class=\"wp-block-eternelblocks-portfolio__cats-wrapper\"><div class=\"wp-block-eternelblocks-portfolio__cats\"><a href=\"https:\/\/valeriarodriguez.es\/?eternel-portfolio-category=branding\" rel=\"tag\">Branding<\/a><a href=\"https:\/\/valeriarodriguez.es\/?eternel-portfolio-category=concepto\" rel=\"tag\">Concepto<\/a><a href=\"https:\/\/valeriarodriguez.es\/?eternel-portfolio-category=diseno\" rel=\"tag\">Dise\u00f1o<\/a><a href=\"https:\/\/valeriarodriguez.es\/?eternel-portfolio-category=diseno-web\" rel=\"tag\">Dise\u00f1o Web<\/a><a href=\"https:\/\/valeriarodriguez.es\/?eternel-portfolio-category=foto-video\" rel=\"tag\">Foto y Video<\/a><\/div><\/div><\/div><\/div><\/div><\/article><article class=\"wp-block-eternelblocks-portfolio__article has-columns-grid\"><div class=\"wp-block-eternelblocks-portfolio__inner\"><div class=\"wp-block-eternelblocks-portfolio__thumbnail\"><div class=\"wp-block-eternelblocks-portfolio__image\"><img decoding=\"async\" width=\"800\" height=\"1200\" src=\"https:\/\/valeriarodriguez.es\/wp-content\/uploads\/2026\/03\/FREEDENTALLABPROYECT.jpg\" class=\"attachment-post-thumbnail size-post-thumbnail wp-post-image\" alt=\"\" srcset=\"https:\/\/valeriarodriguez.es\/wp-content\/uploads\/2026\/03\/FREEDENTALLABPROYECT.jpg 800w, https:\/\/valeriarodriguez.es\/wp-content\/uploads\/2026\/03\/FREEDENTALLABPROYECT-200x300.jpg 200w, https:\/\/valeriarodriguez.es\/wp-content\/uploads\/2026\/03\/FREEDENTALLABPROYECT-683x1024.jpg 683w, https:\/\/valeriarodriguez.es\/wp-content\/uploads\/2026\/03\/FREEDENTALLABPROYECT-768x1152.jpg 768w\" sizes=\"(max-width: 860px) calc(100vw + 1.25rem*2 + 0.625rem*2), 860px\" \/><a class=\"wp-block-eternelblocks-portfolio__link\" href=\"https:\/\/valeriarodriguez.es\/?eternel-portfolio=free-dental-lab\" title=\"Free Dental Lab\"><\/a><\/div><\/div><div class=\"wp-block-eternelblocks-portfolio__header-wrapper header-animation hover-om\"><div class=\"wp-block-eternelblocks-portfolio__header\"><h4 class=\"wp-block-eternelblocks-portfolio__title\">Free Dental Lab<\/h4><a class=\"wp-block-eternelblocks-portfolio__link\" href=\"https:\/\/valeriarodriguez.es\/?eternel-portfolio=free-dental-lab\" title=\"Free Dental Lab\"><\/a><div class=\"wp-block-eternelblocks-portfolio__cats-wrapper\"><div class=\"wp-block-eternelblocks-portfolio__cats\"><a href=\"https:\/\/valeriarodriguez.es\/?eternel-portfolio-category=branding\" rel=\"tag\">Branding<\/a><a href=\"https:\/\/valeriarodriguez.es\/?eternel-portfolio-category=concepto\" rel=\"tag\">Concepto<\/a><a href=\"https:\/\/valeriarodriguez.es\/?eternel-portfolio-category=diseno\" rel=\"tag\">Dise\u00f1o<\/a><a href=\"https:\/\/valeriarodriguez.es\/?eternel-portfolio-category=diseno-web\" rel=\"tag\">Dise\u00f1o Web<\/a><\/div><\/div><\/div><\/div><\/div><\/article><article class=\"wp-block-eternelblocks-portfolio__article has-columns-grid\"><div class=\"wp-block-eternelblocks-portfolio__inner\"><div class=\"wp-block-eternelblocks-portfolio__thumbnail\"><div class=\"wp-block-eternelblocks-portfolio__image\"><img decoding=\"async\" width=\"800\" height=\"587\" src=\"https:\/\/valeriarodriguez.es\/wp-content\/uploads\/2026\/03\/clinica-suarez-lopez-concept.jpg\" class=\"attachment-post-thumbnail size-post-thumbnail wp-post-image\" alt=\"\" srcset=\"https:\/\/valeriarodriguez.es\/wp-content\/uploads\/2026\/03\/clinica-suarez-lopez-concept.jpg 800w, https:\/\/valeriarodriguez.es\/wp-content\/uploads\/2026\/03\/clinica-suarez-lopez-concept-300x220.jpg 300w, https:\/\/valeriarodriguez.es\/wp-content\/uploads\/2026\/03\/clinica-suarez-lopez-concept-768x564.jpg 768w\" sizes=\"(max-width: 860px) calc(100vw + 1.25rem*2 + 0.625rem*2), 860px\" \/><a class=\"wp-block-eternelblocks-portfolio__link\" href=\"https:\/\/valeriarodriguez.es\/?eternel-portfolio=love-letters\" title=\"branding clinica\"><\/a><\/div><\/div><div class=\"wp-block-eternelblocks-portfolio__header-wrapper header-animation hover-om\"><div class=\"wp-block-eternelblocks-portfolio__header\"><h4 class=\"wp-block-eternelblocks-portfolio__title\">branding clinica<\/h4><a class=\"wp-block-eternelblocks-portfolio__link\" href=\"https:\/\/valeriarodriguez.es\/?eternel-portfolio=love-letters\" title=\"branding clinica\"><\/a><div class=\"wp-block-eternelblocks-portfolio__cats-wrapper\"><div class=\"wp-block-eternelblocks-portfolio__cats\"><a href=\"https:\/\/valeriarodriguez.es\/?eternel-portfolio-category=branding\" rel=\"tag\">Branding<\/a><a href=\"https:\/\/valeriarodriguez.es\/?eternel-portfolio-category=diseno\" rel=\"tag\">Dise\u00f1o<\/a><a href=\"https:\/\/valeriarodriguez.es\/?eternel-portfolio-category=diseno-web\" rel=\"tag\">Dise\u00f1o Web<\/a><\/div><\/div><\/div><\/div><\/div><\/article><\/div>\n\n\n<div class=\"wp-block-columns is-layout-flex wp-container-core-columns-is-layout-9d6595d7 wp-block-columns-is-layout-flex\">\n<div class=\"wp-block-column is-layout-flow wp-block-column-is-layout-flow\"><\/div>\n<\/div>\n","protected":false},"excerpt":{"rendered":"<p>DE CLINICA A MARCA Mi trabajo consiste en dise\u00f1ar la imagen de cl\u00ednicas que no s\u00f3lo sean bonitas, sino tambi\u00e9n coherentes, memorables y humanas porque una cl\u00ednica no es solo un espacio m\u00e9dico. Es una experiencia completa que influye directamente en la decisi\u00f3n del paciente. VISI\u00d3N DE MARCA Me encargo de definir el significado detr\u00e1s &hellip;<\/p>\n","protected":false},"author":1,"featured_media":0,"parent":0,"menu_order":0,"comment_status":"closed","ping_status":"closed","template":"","meta":{"_eternelmeta_header_display":true,"_eternelmeta_header_style":"style-one","_eternelmeta_header_border":false,"_eternelmeta_header_main_nav":false,"_eternelmeta_header_main_nav_pos":"right","_eternelmeta_header_main_nav_light":false,"_eternelmeta_header_sec_nav":true,"_eternelmeta_header_sec_nav_light":true,"_eternelmeta_header_sec_logo":true,"_eternelmeta_header_bg":"dark","_eternelmeta_header_cursor_color":false,"_eternelmeta_header_sticky":true,"_eternelmeta_header_search_icon_display":false,"_eternelmeta_header_search_icon_light":false,"_eternelmeta_header_woo_cart_display":false,"_eternelmeta_header_woo_icon_light":false,"_eternelmeta_header_sticky_style":"style-one","_eternelmeta_header_sticky_border":false,"_eternelmeta_header_sticky_main_nav":false,"_eternelmeta_header_sticky_main_nav_pos":"right","_eternelmeta_header_sticky_main_nav_light":false,"_eternelmeta_header_sticky_sec_nav":true,"_eternelmeta_header_sticky_sec_nav_light":true,"_eternelmeta_header_sticky_sec_logo":true,"_eternelmeta_header_sticky_bg":"transparent","_eternelmeta_header_sticky_cursor_color":false,"_eternelmeta_header_sticky_search_icon_display":false,"_eternelmeta_header_sticky_search_icon_light":false,"_eternelmeta_header_sticky_woo_cart_display":false,"_eternelmeta_header_sticky_woo_icon_light":false,"_eternelmeta_footer_widget":false,"_eternelmeta_footer_dark_mode":true,"_eternelmeta_footer_cursor_color":false,"_eternelmeta_footer_info":true,"_eternelmeta_footer_border":false,"_eternelmeta_footer_fixed":false,"_eternelmeta_main_cont_padding_top":90,"_eternelmeta_main_cont_padding_bot":32,"_eternelmeta_cursor_circle_light":true,"_eternelmeta_post_title_visibility":false,"_eternelmeta_post_title_alignment":"ta-l","_eternelmeta_post_layout":"","_eternelmeta_post_static_id":0,"_eternelmeta_post_loader":false,"_eternelmeta_post_title_color":"#fff","_eternelmeta_post_bg_color":"#1f1f1f","footnotes":""},"class_list":["post-1481","page","type-page","status-publish","hentry"],"_links":{"self":[{"href":"https:\/\/valeriarodriguez.es\/index.php?rest_route=\/wp\/v2\/pages\/1481","targetHints":{"allow":["GET"]}}],"collection":[{"href":"https:\/\/valeriarodriguez.es\/index.php?rest_route=\/wp\/v2\/pages"}],"about":[{"href":"https:\/\/valeriarodriguez.es\/index.php?rest_route=\/wp\/v2\/types\/page"}],"author":[{"embeddable":true,"href":"https:\/\/valeriarodriguez.es\/index.php?rest_route=\/wp\/v2\/users\/1"}],"replies":[{"embeddable":true,"href":"https:\/\/valeriarodriguez.es\/index.php?rest_route=%2Fwp%2Fv2%2Fcomments&post=1481"}],"version-history":[{"count":14,"href":"https:\/\/valeriarodriguez.es\/index.php?rest_route=\/wp\/v2\/pages\/1481\/revisions"}],"predecessor-version":[{"id":2219,"href":"https:\/\/valeriarodriguez.es\/index.php?rest_route=\/wp\/v2\/pages\/1481\/revisions\/2219"}],"wp:attachment":[{"href":"https:\/\/valeriarodriguez.es\/index.php?rest_route=%2Fwp%2Fv2%2Fmedia&parent=1481"}],"curies":[{"name":"wp","href":"https:\/\/api.w.org\/{rel}","templated":true}]}}